{"id":18,"date":"2025-05-28T03:22:58","date_gmt":"2025-05-28T03:22:58","guid":{"rendered":"https:\/\/baolocviewland.com\/?page_id=18"},"modified":"2025-05-28T03:59:59","modified_gmt":"2025-05-28T03:59:59","slug":"tac-gia-tran-thien-vu","status":"publish","type":"page","link":"https:\/\/baolocviewland.com\/?page_id=18","title":{"rendered":"T\u00e1c Gi\u1ea3 Tr\u1ea7n Thi\u00ean V\u0169"},"content":{"rendered":"\n\t<section class=\"section\" id=\"section_1274168952\">\n\t\t<div class=\"section-bg fill\" >\n\t\t\t\t\t\t\t\t\t\n\t\t\t\n\n\t\t<\/div>\n\n\t\t\n\n\t\t<div class=\"section-content relative\">\n\t\t\t\n\t<div id=\"text-3672535429\" class=\"text\">\n\t\t\n<h1>Gi\u1edbi thi\u1ec7u v\u1ec1 T\u00e1c gi\u1ea3 Tr\u1ea7n Thi\u00ean V\u0169<\/h1>\n\t\t\n<style>\n#text-3672535429 {\n  font-size: 1.25rem;\n  text-align: center;\n  color: #000814;\n}\n#text-3672535429 > * {\n  color: #000814;\n}\n<\/style>\n\t<\/div>\n\t\n\t<div id=\"gap-154657987\" class=\"gap-element clearfix\" style=\"display:block; height:auto;\">\n\t\t\n<style>\n#gap-154657987 {\n  padding-top: 30px;\n}\n<\/style>\n\t<\/div>\n\t\n<div class=\"row align-middle\"  id=\"row-1864695472\">\n\n\t<div id=\"col-2123463171\" class=\"col medium-4 small-12 large-4\"  >\n\t\t\t\t<div class=\"col-inner\"  >\n\t\t\t\n\t\t\t\n\t<div class=\"img has-hover x md-x lg-x y md-y lg-y\" id=\"image_1488401658\">\n\t\t\t\t\t\t\t\t<div class=\"img-inner dark\" >\n\t\t\t<img loading=\"lazy\" decoding=\"async\" width=\"1020\" height=\"1020\" src=\"https:\/\/baolocviewland.com\/wp-content\/uploads\/2025\/05\/Face-6.jpeg\" class=\"attachment-large size-large\" alt=\"\" srcset=\"https:\/\/baolocviewland.com\/wp-content\/uploads\/2025\/05\/Face-6.jpeg 1024w, https:\/\/baolocviewland.com\/wp-content\/uploads\/2025\/05\/Face-6-300x300.jpeg 300w, https:\/\/baolocviewland.com\/wp-content\/uploads\/2025\/05\/Face-6-150x150.jpeg 150w, https:\/\/baolocviewland.com\/wp-content\/uploads\/2025\/05\/Face-6-768x768.jpeg 768w\" sizes=\"auto, (max-width: 1020px) 100vw, 1020px\" \/>\t\t\t\t\t\t\n\t\t\t\t\t<\/div>\n\t\t\t\t\t\t\t\t\n<style>\n#image_1488401658 {\n  width: 100%;\n}\n<\/style>\n\t<\/div>\n\t\n\t\t<\/div>\n\t\t\t\t\t<\/div>\n\n\t\n\n\t<div id=\"col-492857244\" class=\"col medium-8 small-12 large-8\"  >\n\t\t\t\t<div class=\"col-inner\"  >\n\t\t\t\n\t\t\t\n\t<div id=\"text-1481170374\" class=\"text\">\n\t\t\n<p><b>Chuy\u00ean gia ph\u00e2n t\u00edch &amp; ph\u00e1t tri\u1ec3n b\u1ea5t \u0111\u1ed9ng s\u1ea3n t\u1ea1i B\u1ea3o L\u1ed9c v\u00e0 T\u00e2y Nguy\u00ean<\/b><\/p>\n<h3><b>\u201c\u0110\u1ea7u t\u01b0 b\u1ea5t \u0111\u1ed9ng s\u1ea3n kh\u00f4ng ch\u1ec9 l\u00e0 mua \u0111\u1ea5t \u2013 \u0111\u00f3 l\u00e0 nh\u00ecn th\u1ea5y ti\u1ec1m n\u0103ng tr\u01b0\u1edbc khi ng\u01b0\u1eddi kh\u00e1c k\u1ecbp nh\u1eadn ra.\u201d<\/b><\/h3>\n<p><span style=\"font-weight: 400;\">\u0110\u00f3 l\u00e0 tri\u1ebft l\u00fd l\u00e0m ngh\u1ec1 c\u1ee7a <\/span><b>Tr\u1ea7n Thi\u00ean V\u0169<\/b><span style=\"font-weight: 400;\">, m\u1ed9t chuy\u00ean gia c\u00f3 h\u01a1n <\/span><b>10 n\u0103m kinh nghi\u1ec7m<\/b><span style=\"font-weight: 400;\"> trong l\u0129nh v\u1ef1c b\u1ea5t \u0111\u1ed9ng s\u1ea3n v\u00e0 l\u00e0 ng\u01b0\u1eddi ti\u00ean phong trong vi\u1ec7c <\/span><b>khai ph\u00e1 ti\u1ec1m n\u0103ng \u0111\u1ea5t n\u1ec1n t\u1ea1i B\u1ea3o L\u1ed9c v\u00e0 c\u00e1c khu v\u1ef1c v\u1ec7 tinh c\u1ee7a L\u00e2m \u0110\u1ed3ng<\/b><span style=\"font-weight: 400;\">. V\u1edbi ki\u1ebfn th\u1ee9c v\u1eefng v\u00e0ng v\u00e0 t\u1ea7m nh\u00ecn chi\u1ebfn l\u01b0\u1ee3c, anh \u0111\u00e3 gi\u00fap h\u00e0ng tr\u0103m nh\u00e0 \u0111\u1ea7u t\u01b0 <\/span><b>hi\u1ec3u \u0111\u00fang \u2013 \u0111\u1ea7u t\u01b0 \u0111\u00fang \u2013 sinh l\u1eddi b\u1ec1n v\u1eefng<\/b><span style=\"font-weight: 400;\">.<\/span><\/p>\n\t\t\n<style>\n#text-1481170374 {\n  color: rgb(0,0,0);\n}\n#text-1481170374 > * {\n  color: rgb(0,0,0);\n}\n<\/style>\n\t<\/div>\n\t\n\t\t<\/div>\n\t\t\t\t\t<\/div>\n\n\t\n<\/div>\n\t<div id=\"text-839001134\" class=\"text\">\n\t\t\n<h3>B\u00e0i Vi\u1ebft N\u1ed5i B\u1eadt<\/h3>\n\t\t\n<style>\n#text-839001134 {\n  font-size: 1.15rem;\n  text-align: center;\n  color: #000814;\n}\n#text-839001134 > * {\n  color: #000814;\n}\n<\/style>\n\t<\/div>\n\t\n\n  \n    <div class=\"row large-columns-4 medium-columns-1 small-columns-1 row-small slider row-slider slider-nav-reveal slider-nav-push\"  data-flickity-options='{&quot;imagesLoaded&quot;: true, &quot;groupCells&quot;: &quot;100%&quot;, &quot;dragThreshold&quot; : 5, &quot;cellAlign&quot;: &quot;left&quot;,&quot;wrapAround&quot;: true,&quot;prevNextButtons&quot;: true,&quot;percentPosition&quot;: true,&quot;pageDots&quot;: false, &quot;rightToLeft&quot;: false, &quot;autoPlay&quot; : false}' >\n\n  <div class=\"col post-item\" >\n\t\t\t<div class=\"col-inner\">\n\t\t\t\t<div class=\"box box-bounce box-text-bottom box-blog-post has-hover\">\n            \t\t\t\t\t<div class=\"box-image\" >\n  \t\t\t\t\t\t<div class=\"image-cover\" style=\"padding-top:70%;\">\n\t\t\t\t\t\t\t<a href=\"https:\/\/baolocviewland.com\/?p=78\" class=\"plain\" aria-label=\"B\u1ea3o T\u00e0ng \u0110\u00e0 N\u1eb5ng Gi\u1edd M\u1edf C\u1eeda 2025: L\u1ecbch M\u1edbi &#038; \u01afu \u0110\u00e3i\">\n\t\t\t\t\t\t\t\t<img loading=\"lazy\" decoding=\"async\" width=\"225\" height=\"300\" src=\"https:\/\/baolocviewland.com\/wp-content\/uploads\/2025\/06\/20230126_161045-1-225x300.jpg\" class=\"attachment-medium size-medium wp-post-image\" alt=\"\" srcset=\"https:\/\/baolocviewland.com\/wp-content\/uploads\/2025\/06\/20230126_161045-1-225x300.jpg 225w, https:\/\/baolocviewland.com\/wp-content\/uploads\/2025\/06\/20230126_161045-1-768x1024.jpg 768w, https:\/\/baolocviewland.com\/wp-content\/uploads\/2025\/06\/20230126_161045-1.jpg 800w\" sizes=\"auto, (max-width: 225px) 100vw, 225px\" \/>\t\t\t\t\t\t\t<\/a>\n  \t\t\t\t\t\t\t  \t\t\t\t\t\t\t  \t\t\t\t\t\t<\/div>\n  \t\t\t\t\t\t  \t\t\t\t\t<\/div>\n          \t\t\t\t\t<div class=\"box-text text-left is-small\" style=\"padding:10px 10px 10px 0px;\">\n\t\t\t\t\t<div class=\"box-text-inner blog-post-inner\">\n\n\t\t\t\t\t\n\t\t\t\t\t\t\t\t\t\t<h5 class=\"post-title is-large \">\n\t\t\t\t\t\t<a href=\"https:\/\/baolocviewland.com\/?p=78\" class=\"plain\">B\u1ea3o T\u00e0ng \u0110\u00e0 N\u1eb5ng Gi\u1edd M\u1edf C\u1eeda 2025: L\u1ecbch M\u1edbi &#038; \u01afu \u0110\u00e3i<\/a>\n\t\t\t\t\t<\/h5>\n\t\t\t\t\t\t\t\t\t\t<div class=\"is-divider\"><\/div>\n\t\t\t\t\t                    \n\t\t\t\t\t\n\t\t\t\t\t\n\t\t\t\t\t<\/div>\n\t\t\t\t\t<\/div>\n\t\t\t\t\t\t\t\t\t<\/div>\n\t\t\t<\/div>\n\t\t<\/div><\/div>\n\t<div id=\"text-2157743321\" class=\"text\">\n\t\t\n<h3><b>H\u00e0nh tr\u00ecnh ngh\u1ec1 nghi\u1ec7p<\/b><\/h3>\n<p><span style=\"font-weight: 400;\">T\u1ed1t nghi\u1ec7p chuy\u00ean ng\u00e0nh <\/span><b>Qu\u1ea3n tr\u1ecb kinh doanh B\u1ea5t \u0111\u1ed9ng s\u1ea3n<\/b><span style=\"font-weight: 400;\"> t\u1ea1i \u0110\u1ea1i h\u1ecdc Kinh t\u1ebf TP.HCM, Tr\u1ea7n Thi\u00ean V\u0169 b\u1eaft \u0111\u1ea7u s\u1ef1 nghi\u1ec7p b\u1eb1ng vi\u1ec7c l\u00e0m t\u01b0 v\u1ea5n \u0111\u1ea7u t\u01b0 cho c\u00e1c t\u1eadp \u0111o\u00e0n ph\u00e1t tri\u1ec3n d\u1ef1 \u00e1n t\u1ea1i \u0110\u00f4ng Nam B\u1ed9. Sau nhi\u1ec1u n\u0103m kinh nghi\u1ec7m, anh quy\u1ebft \u0111\u1ecbnh tr\u1edf v\u1ec1 qu\u00ea h\u01b0\u01a1ng L\u00e2m \u0110\u1ed3ng \u0111\u1ec3 theo \u0111u\u1ed5i s\u1ee9 m\u1ec7nh <\/span><b>ph\u00e1t tri\u1ec3n th\u1ecb tr\u01b0\u1eddng b\u1ea5t \u0111\u1ed9ng s\u1ea3n B\u1ea3o L\u1ed9c m\u1ed9t c\u00e1ch b\u00e0i b\u1ea3n v\u00e0 minh b\u1ea1ch<\/b><span style=\"font-weight: 400;\">.<\/span><\/p>\n<p><span style=\"font-weight: 400;\">V\u1edbi vai tr\u00f2 l\u00e0 <\/span><b>c\u1ed1 v\u1ea5n chi\u1ebfn l\u01b0\u1ee3c v\u00e0 t\u00e1c gi\u1ea3 ch\u00ednh t\u1ea1i baolocviewland.com<\/b><span style=\"font-weight: 400;\">, Tr\u1ea7n Thi\u00ean V\u0169 th\u01b0\u1eddng xuy\u00ean c\u1eadp nh\u1eadt c\u00e1c <\/span><b>b\u1ea3n tin th\u1ecb tr\u01b0\u1eddng<\/b><span style=\"font-weight: 400;\">, <\/span><b>ph\u00e2n t\u00edch quy ho\u1ea1ch<\/b><span style=\"font-weight: 400;\">, v\u00e0 <\/span><b>\u0111\u01b0a ra g\u00f3c nh\u00ecn chuy\u00ean m\u00f4n<\/b><span style=\"font-weight: 400;\"> v\u1ec1 t\u1eebng khu v\u1ef1c tr\u1ecdng \u0111i\u1ec3m, gi\u00fap c\u00e1c nh\u00e0 \u0111\u1ea7u t\u01b0 n\u1eafm b\u1eaft k\u1ecbp th\u1eddi xu h\u01b0\u1edbng.<\/span><\/p>\n<h3><b>Th\u1ebf m\u1ea1nh chuy\u00ean m\u00f4n<\/b><\/h3>\n<ul>\n<li style=\"font-weight: 400;\" aria-level=\"1\"><b>Ph\u00e2n t\u00edch th\u1ecb tr\u01b0\u1eddng v\u00e0 ti\u1ec1m n\u0103ng quy ho\u1ea1ch B\u1ea3o L\u1ed9c \u2013 L\u00e2m \u0110\u1ed3ng<\/b><b>\n<p><\/b><\/li>\n<li style=\"font-weight: 400;\" aria-level=\"1\"><b>T\u01b0 v\u1ea5n \u0111\u1ea7u t\u01b0 \u0111\u1ea5t n\u1ec1n ngh\u1ec9 d\u01b0\u1ee1ng, farmstay v\u00e0 khu d\u00e2n c\u01b0 ven \u0111\u00f4<\/b><b>\n<p><\/b><\/li>\n<li style=\"font-weight: 400;\" aria-level=\"1\"><b>\u0110\u1ecbnh h\u01b0\u1edbng chi\u1ebfn l\u01b0\u1ee3c ph\u00e1t tri\u1ec3n d\u1ef1 \u00e1n b\u1ec1n v\u1eefng, ph\u00e1p l\u00fd minh b\u1ea1ch<\/b><b>\n<p><\/b><\/li>\n<li style=\"font-weight: 400;\" aria-level=\"1\"><b>So s\u00e1nh, \u0111\u00e1nh gi\u00e1 c\u00e1c ph\u00e2n kh\u00fac b\u1ea5t \u0111\u1ed9ng s\u1ea3n theo ti\u00eau ch\u00ed \u0111\u1ea7u t\u01b0 th\u00f4ng minh<\/b><b>\n<p><\/b><\/li>\n<li style=\"font-weight: 400;\" aria-level=\"1\"><b>C\u1eadp nh\u1eadt xu h\u01b0\u1edbng d\u1ecbch chuy\u1ec3n \u0111\u1ea7u t\u01b0 t\u1eeb TP.HCM, B\u00ecnh D\u01b0\u01a1ng, \u0110\u1ed3ng Nai v\u1ec1 T\u00e2y Nguy\u00ean<\/b><b>\n<p><\/b><\/li>\n<\/ul>\n<h3><b>Nh\u1eefng ch\u1ee7 \u0111\u1ec1 n\u1ed5i b\u1eadt Tr\u1ea7n Thi\u00ean V\u0169 th\u01b0\u1eddng chia s\u1ebb:<\/b><\/h3>\n<ul>\n<li style=\"font-weight: 400;\" aria-level=\"1\"><span style=\"font-weight: 400;\">\u201cV\u00ec sao B\u1ea3o L\u1ed9c l\u00e0 l\u1ef1a ch\u1ecdn h\u00e0ng \u0111\u1ea7u sau \u0110\u00e0 L\u1ea1t?\u201d<\/span><span style=\"font-weight: 400;\">\n<p><\/span><\/li>\n<li style=\"font-weight: 400;\" aria-level=\"1\"><span style=\"font-weight: 400;\">\u201c\u0110\u1ea7u t\u01b0 \u0111\u1ea5t n\u1ec1n ven trung t\u00e2m B\u1ea3o L\u1ed9c: R\u1ee7i ro hay c\u01a1 h\u1ed9i?\u201d<\/span><span style=\"font-weight: 400;\">\n<p><\/span><\/li>\n<li style=\"font-weight: 400;\" aria-level=\"1\"><span style=\"font-weight: 400;\">\u201cTop 5 khu v\u1ef1c \u2018n\u00f3ng\u2019 nh\u1ea5t cho farmstay v\u00e0 ngh\u1ec9 d\u01b0\u1ee1ng 2025\u201d<\/span><span style=\"font-weight: 400;\">\n<p><\/span><\/li>\n<li style=\"font-weight: 400;\" aria-level=\"1\"><span style=\"font-weight: 400;\">\u201cPh\u00e1p l\u00fd \u0111\u1ea5t n\u1ec1n \u1edf L\u00e2m \u0110\u1ed3ng: Nh\u1eefng \u0111i\u1ec1u b\u1eaft bu\u1ed9c ph\u1ea3i bi\u1ebft\u201d<\/span><span style=\"font-weight: 400;\">\n<p><\/span><\/li>\n<li style=\"font-weight: 400;\" aria-level=\"1\"><span style=\"font-weight: 400;\">\u201cSo s\u00e1nh \u0111\u1ea7u t\u01b0: B\u1ea3o L\u1ed9c \u2013 Gia Ngh\u0129a \u2013 Phan Thi\u1ebft \u2013 Ai \u0111ang \u0111i \u0111\u00fang h\u01b0\u1edbng?\u201d<\/span><span style=\"font-weight: 400;\">\n<p><\/span><\/li>\n<\/ul>\n<h3><b>Vai tr\u00f2 t\u1ea1i baolocviewland.com<\/b><\/h3>\n<p><span style=\"font-weight: 400;\">V\u1edbi mong mu\u1ed1n \u0111\u01b0a <\/span><b>baolocviewland.com<\/b><span style=\"font-weight: 400;\"> tr\u1edf th\u00e0nh <\/span><b>ngu\u1ed3n th\u00f4ng tin \u0111\u00e1ng tin c\u1eady s\u1ed1 1 v\u1ec1 b\u1ea5t \u0111\u1ed9ng s\u1ea3n B\u1ea3o L\u1ed9c<\/b><span style=\"font-weight: 400;\">, Tr\u1ea7n Thi\u00ean V\u0169 lu\u00f4n cam k\u1ebft mang \u0111\u1ebfn nh\u1eefng <\/span><b>b\u00e0i vi\u1ebft s\u00e2u s\u1eafc, c\u00f3 d\u1eabn ch\u1ee9ng v\u00e0 h\u01b0\u1edbng d\u1eabn th\u1ef1c chi\u1ebfn<\/b><span style=\"font-weight: 400;\">. B\u00e0i vi\u1ebft c\u1ee7a anh kh\u00f4ng ch\u1ec9 \u0111\u01a1n thu\u1ea7n l\u00e0 tin t\u1ee9c, m\u00e0 l\u00e0 <\/span><b>b\u1ea3n \u0111\u1ed3 \u0111\u1ecbnh h\u01b0\u1edbng<\/b><span style=\"font-weight: 400;\"> cho nh\u00e0 \u0111\u1ea7u t\u01b0 trong h\u00e0nh tr\u00ecnh khai ph\u00e1 v\u00f9ng \u0111\u1ea5t gi\u00e0u ti\u1ec1m n\u0103ng n\u00e0y.<\/span><\/p>\n<h3><b>T\u1ea7m nh\u00ecn<\/b><\/h3>\n<p><span style=\"font-weight: 400;\">\u201cT\u00f4i tin r\u1eb1ng trong 5 n\u0103m t\u1edbi, B\u1ea3o L\u1ed9c s\u1ebd tr\u1edf th\u00e0nh \u2018n\u1eef ho\u00e0ng b\u1ea5t \u0111\u1ed9ng s\u1ea3n ngh\u1ec9 d\u01b0\u1ee1ng ph\u00eda Nam\u2019. V\u00e0 nh\u1eefng ai chu\u1ea9n b\u1ecb t\u1eeb h\u00f4m nay s\u1ebd l\u00e0 nh\u1eefng ng\u01b0\u1eddi \u0111\u00f3n \u0111\u1ea7u th\u00e0nh c\u00f4ng.\u201d<\/span><\/p>\n\t\t\n<style>\n#text-2157743321 {\n  font-size: 1rem;\n}\n<\/style>\n\t<\/div>\n\t\n\t\t<\/div>\n\n\t\t\n<style>\n#section_1274168952 {\n  padding-top: 30px;\n  padding-bottom: 30px;\n}\n<\/style>\n\t<\/section>\n\t\n","protected":false},"excerpt":{"rendered":"","protected":false},"author":1,"featured_media":0,"parent":0,"menu_order":0,"comment_status":"closed","ping_status":"closed","template":"","meta":{"footnotes":""},"class_list":["post-18","page","type-page","status-publish","hentry"],"_links":{"self":[{"href":"https:\/\/baolocviewland.com\/index.php?rest_route=\/wp\/v2\/pages\/18","targetHints":{"allow":["GET"]}}],"collection":[{"href":"https:\/\/baolocviewland.com\/index.php?rest_route=\/wp\/v2\/pages"}],"about":[{"href":"https:\/\/baolocviewland.com\/index.php?rest_route=\/wp\/v2\/types\/page"}],"author":[{"embeddable":true,"href":"https:\/\/baolocviewland.com\/index.php?rest_route=\/wp\/v2\/users\/1"}],"replies":[{"embeddable":true,"href":"https:\/\/baolocviewland.com\/index.php?rest_route=%2Fwp%2Fv2%2Fcomments&post=18"}],"version-history":[{"count":3,"href":"https:\/\/baolocviewland.com\/index.php?rest_route=\/wp\/v2\/pages\/18\/revisions"}],"predecessor-version":[{"id":63,"href":"https:\/\/baolocviewland.com\/index.php?rest_route=\/wp\/v2\/pages\/18\/revisions\/63"}],"wp:attachment":[{"href":"https:\/\/baolocviewland.com\/index.php?rest_route=%2Fwp%2Fv2%2Fmedia&parent=18"}],"curies":[{"name":"wp","href":"https:\/\/api.w.org\/{rel}","templated":true}]}}